{"id":2,"date":"2024-06-21T20:31:25","date_gmt":"2024-06-21T18:31:25","guid":{"rendered":"http:\/\/www.gliocchidelcuore.it\/?page_id=2"},"modified":"2024-06-25T12:17:50","modified_gmt":"2024-06-25T10:17:50","slug":"pagina-di-esempio","status":"publish","type":"page","link":"https:\/\/www.gliocchidelcuore.it\/?page_id=2","title":{"rendered":"Chi Siamo"},"content":{"rendered":"<p>&nbsp;<\/p>\n<table style=\"height: 192px;\" width=\"498\" cellspacing=\"0\" cellpadding=\"0\">\n<tbody>\n<tr>\n<td>\n<div>\n<h4><span style=\"color: #ff0000;\">FONDAZIONE GLI OCCHI DEL CUORE &#8211; ETS<br \/>\n<\/span><\/h4>\n<p><em>Iscritta nel Registro Unico Nazionale del Terzo Settore<br \/>\nReg.delle Persone Giuridiche della Regione Puglia n.368<br \/>\nCF.\u00a0 94096530715<br \/>\n<\/em><em>Sede legale: c\/o U.I.C.I. Sez.Prov.le di Foggia &#8211; Via Gorizia, 48 \u2013 71121\u00a0 FOGGIA<br \/>\n<\/em><em>CCP n. 1022651903 \u00a0\u00a0 \u00a0\u00a0\u00a0\u00a0\u00a0\u00a0\u00a0\u00a0\u00a0\u00a0 \u00a0 \u00a0 \u00a0 Codice\u00a0 IBAN \u00a0\u00a0\u00a0IT47I0760115700001022651903<\/em><br \/>\n<em><span style=\"color: #0000ff;\"><a href=\"http:\/\/www.gliocchidelcuore.it\/\"><span style=\"color: #0000ff;\">www.gliocchidelcuore.it<\/span><\/a>\u00a0\u00a0\u00a0\u00a0\u00a0\u00a0\u00a0\u00a0\u00a0\u00a0\u00a0\u00a0\u00a0\u00a0\u00a0\u00a0\u00a0\u00a0\u00a0\u00a0\u00a0\u00a0\u00a0\u00a0\u00a0\u00a0\u00a0\u00a0 \u00a0 \u00a0 \u00a0 \u00a0 \u00a0 \u00a0 \u00a0 \u00a0 \u00a0 \u00a0\u00a0 i<a href=\"mailto:info@gliocchidelcuore.it\"><span style=\"color: #0000ff;\">nfo@gliocchidelcuore.it<\/span><\/a><br \/>\n&#8212;&#8212;&#8212;&#8212;&#8212;&#8212;&#8212;&#8212;&#8212;&#8212;&#8212;&#8212;&#8212;&#8212;&#8212;&#8212;&#8212;&#8212;&#8212;&#8212;&#8212;&#8212;&#8212;&#8212;&#8212;&#8212;&#8212;&#8212;&#8212;&#8212;&#8212;-<\/span><\/em><\/p>\n<\/div>\n<\/td>\n<\/tr>\n<\/tbody>\n<\/table>\n<p style=\"text-align: justify;\">La\u00a0 <strong>FONDAZIONE GLI OCCHI DEL CUORE &#8211; ETS <\/strong>\u00e8 stata costituita con Atto Notarile il 01 luglio 2014,\u00a0 come programmato punto d&#8217;arrivo dell&#8217;operato del <em>COMITATO pro FONDAZIONE CIECHI PLURIMINORATI &#8211; FOGGIA<\/em>, nato nel novembre 2011 con la finalit\u00e0 di costituire in Foggia una Fondazione specificamente destinata a migliorare la qualit\u00e0 della vita dei <em>Ciechi ed Ipovedenti Pluriminorati adulti<\/em>.<\/p>\n<p style=\"text-align: justify;\">I\u00a0 PROMOTORI\u00a0 DELLA\u00a0 FONDAZIONE<b><i><br \/>\n<\/i><\/b>La Fondazione \u00e8 nata dalla volont\u00e0 di Famiglie di ragazzi ciechi pluriminorati residenti nella Provincia di Foggia e della Unione Italiana dei Ciechi e degli Ipovedenti-Sez.Prov.le di Foggia, e fin dall&#8217;inizio \u00e8 stata condivisa e sostenuta come co-fondatrice dalla\u00a0 Fondazione Banca del Monte &#8211; Siniscalco Ceci,\u00a0 oggi Fondazione dei Monti Uniti di Foggia.<\/p>\n<p style=\"text-align: justify;\">LA\u00a0 NECESSITA&#8217;\u00a0 PER\u00a0 CUI\u00a0 E&#8217;\u00a0 STATA\u00a0 VOLUTA<b><i><br \/>\n<\/i><\/b>Conclusa la frequenza scolastica ed impossibilitati ad inserirsi nel mondo del lavoro, buona parte dei non vedenti pluriminorati adulti trascorrono la propria giornata in casa, inoperosi e demotivati.<br \/>\nE\u2019 tale la sofferenza dei genitori e dei familiari, che spesso si vedono costretti a malincuore a separarsi da loro, preferendo collocarli in istituti o comunit\u00e0, pur di garantire loro una esistenza pi\u00f9 dignitosa e pi\u00f9 viva.<br \/>\nLo stesso problema a breve lo vivranno altri ragazzi ciechi pluriminorati che si avviano a concludere la frequenza scolastica. La situazione, inoltre, sta divenendo sempre pi\u00f9 insostenibile per l\u2019inesistenza o la grave insufficienza di interventi di Enti pubblici.<\/p>\n<p style=\"text-align: justify;\">COSA\u00a0 SI\u00a0 PROPONE\u00a0 LA\u00a0 FONDAZIONE<b><i><br \/>\n<\/i><\/b><em><strong>La Fondazione \u00e8 specificamente e fondamentalmente finalizzata ad offrire ai non vedenti ed ipovedenti pluriminorati adulti<\/strong>, <\/em>a conclusione del loro percorso scolastico,<strong><em> servizi idonei a garantire loro una migliore qualit\u00e0 di vita<\/em><\/strong>, integrando quanto di incerto, discontinuo e limitato viene erogato dalle Istituzioni, <strong><em>rendendo cos\u00ec gratificante la loro permanenza in famiglia<\/em><\/strong>. Sulla base delle sue risorse e con interventi individualizzati rapportati alla specificit\u00e0 di ogni singolo caso, la Fondazione si propone di offrire loro opportunit\u00e0 formative, riabilitative e socializzanti, momenti espressivi e ludico-ricreativi, interventi domiciliari e servizi di semiresidenzialit\u00e0.<br \/>\n<em><span style=\"color: #0000ff;\">&#8212;&#8212;&#8212;&#8212;&#8212;&#8212;&#8212;&#8212;&#8212;&#8212;&#8212;&#8212;&#8212;&#8212;&#8212;&#8212;&#8212;&#8212;&#8212;&#8212;&#8212;&#8212;&#8212;&#8212;&#8212;&#8212;&#8212;&#8212;&#8212;&#8212;&#8212;-<\/span><\/em>&#8212;<\/p>\n<h2 style=\"text-align: center;\"><span style=\"color: #000080;\"><strong><em>FONDATORI\u00a0<\/em><\/strong><\/span><\/h2>\n<p><span style=\"color: #000080;\"><em>\u00a0 \u00a0 \u00a0 \u00a0 \u00a0\u00a0<\/em><br \/>\n<strong>AGRIESTI\u00a0 DOMENICO<br \/>\nANGERILLO\u00a0 GIOVANNI<br \/>\nASS. \u00a0EX ALLIEVE\/I \u00a0ISTITUTO MARCELLINE &#8211; FOGGIA<br \/>\nCHIONCHIO\u00a0 CARMINE<br \/>\nCORCIO\u00a0 MICHELE<br \/>\nD&#8217;ADDETTA\u00a0 FRANCESCO<\/strong><br \/>\n<strong> DE GIROLAMO\u00a0 ANTONIO<\/strong><br \/>\n<strong> DE\u00a0 MARTINIS\u00a0 PIETRO<br \/>\nDE\u00a0 STASIO\u00a0 FRANCESCO SAVERIO<br \/>\nDI BIASE\u00a0 GERARDO<\/strong><br \/>\n<strong> DI\u00a0 CHIO\u00a0 CONCETTA<br \/>\nDI\u00a0 CHIO\u00a0 MAFALDA<br \/>\nFIORE\u00a0 VINCENZA<br \/>\nFONDAZIONE\u00a0 BANCA\u00a0 DEL\u00a0 MONTE \u00a0SINISCALCO\u00a0 CECI<br \/>\nGAETA\u00a0 ANTONIO<\/strong><br \/>\n<strong> INFANTE\u00a0 GRAZIANO<br \/>\nLANCIANESE\u00a0 CARLA<br \/>\nLEONE\u00a0 FRANCESCO<br \/>\nPACILLO\u00a0 VITO<br \/>\nPALIERI\u00a0 C<span style=\"color: #000080;\">ARMELA<\/span><br \/>\n<span style=\"color: #000080;\">PROCACCINI\u00a0 DENI\u00a0 ALDO<\/span><br \/>\n<\/strong><strong style=\"color: #000080;\">SAL<\/strong><strong>VEMINI\u00a0 FRANCESCO<\/strong><\/span><br \/>\n<span style=\"color: #000080;\"><strong>TELESFORO\u00a0 PAOLO<br \/>\nUNIONE ITALIANA CIECHI ED IPOVEDENTI &#8211; Sez. Prov.le\u00a0 di\u00a0 Foggia<\/strong><\/span><br \/>\n<span style=\"color: #000080;\"><strong>VAIRA\u00a0 MICHELE<\/strong><\/span><\/p>\n<h2 style=\"text-align: center;\"><span style=\"color: #000080;\"><strong><em>PARTECIPANTI\u00a0<\/em><\/strong><\/span><\/h2>\n<p><span style=\"color: #000080;\"><em>\u00a0<\/em><strong>D&#8217;ERRICO\u00a0 ANTONIO<br \/>\n<\/strong><\/span><span style=\"color: #000080;\"><strong>\u00a0DE\u00a0 STEFANO\u00a0 DONATELLA<br \/>\nPALLADINO\u00a0 FILOMENA<br \/>\n<\/strong><\/span><span style=\"color: #000080;\"><strong>\u00a0STEFANIA MARIA ANTONIETTA<br \/>\n<\/strong><\/span><span style=\"color: #000080;\"><strong><br \/>\n<em><span style=\"color: #0000ff;\">&#8212;&#8212;&#8212;&#8212;&#8212;&#8212;&#8212;&#8212;&#8212;&#8212;&#8212;&#8212;&#8212;&#8212;&#8212;&#8212;&#8212;&#8212;&#8212;&#8212;&#8212;&#8212;&#8212;&#8212;&#8212;&#8212;&#8212;&#8212;&#8212;&#8212;&#8212;-<\/span><\/em>&#8212;<br \/>\n<\/strong><\/span><\/p>\n<h2 style=\"text-align: center;\"><\/h2>\n<h2 style=\"text-align: center;\"><span style=\"color: #ff0000;\"><strong><em>ALBO\u00a0 D&#8217;ORO<\/em><\/strong><\/span><\/h2>\n<h4 style=\"text-align: center;\"><span style=\"color: #ff0000;\">FONDAZIONE\u00a0 BANCA\u00a0 DEL\u00a0 MONTE \u00a0DI \u00a0FOGGIA<br \/>\nUNIONE ITALIANA CIECHI E IPOVEDENTI &#8211; ONLUS<br \/>\nRENZO \u00a0ARBORE<br \/>\nSANTO E NINO LOMBARDI \u00a0 \u00a0 \u00a0<em>alla<\/em><\/span><i><span style=\"color: #ff0000;\"><em>\u00a0 m<\/em>emoria<\/span><br \/>\n<\/i><\/h4>\n<h4 style=\"text-align: center;\"><span style=\"color: #ff0000;\">\u00a0<\/span><\/h4>\n<p style=\"text-align: justify;\"><em><span style=\"color: #0000ff;\">&#8212;&#8212;&#8212;&#8212;&#8212;&#8212;&#8212;&#8212;&#8212;&#8212;&#8212;&#8212;&#8212;&#8212;&#8212;&#8212;&#8212;&#8212;&#8212;&#8212;&#8212;&#8212;&#8212;&#8212;&#8212;&#8212;&#8212;&#8212;&#8212;&#8212;&#8212;-<\/span><\/em>&#8212;<\/p>\n<h2 style=\"text-align: center;\"><span style=\"color: #000080;\"><span style=\"color: #000000;\">CONSIGLIO DI AMMINISTRAZIONE<\/span><strong><em>\u00a0 <\/em><\/strong><\/span><\/h2>\n<p style=\"text-align: justify;\">L&#8217;attuale\u00a0 CONSIGLIO DI AMMINISTRAZIONE\u00a0 \u00a0\u00e8\u00a0 \u00a0cos\u00ec costituito :<\/p>\n<p><strong><b>Santigliano \u00a0Filippo<\/b> \u00a0 \u00a0 \u00a0 <\/strong>\u00a0 \u00a0<em>Presidente\u00a0 \u00a0 \u00a0 \u00a0 \u00a0 in rappr.\u00a0 <\/em>Fondazione dei Monti Uniti di Foggia<\/p>\n<p><strong>Pacillo Vito\u00a0 \u00a0 \u00a0 \u00a0 \u00a0 \u00a0 \u00a0 \u00a0 \u00a0 \u00a0<\/strong>\u00a0 \u00a0 \u00a0 \u00a0<em>Vicepresidente \u00a0\u00a0<\/em><em>\u00a0 \u00a0 \u00a0 \u00a0 \u00a0 \u00a0 \u00a0 \u00a0 \u00a0 \u00a0 <\/em>Fondatore<\/p>\n<p><strong>Gaeta \u00a0Antonio\u00a0 \u00a0 \u00a0 \u00a0 \u00a0 \u00a0 \u00a0 \u00a0 <em>\u00a0 \u00a0<\/em><\/strong><em>Segretario\u00a0 \u00a0 \u00a0 \u00a0 \u00a0 \u00a0 \u00a0 \u00a0 \u00a0 \u00a0 \u00a0 \u00a0 \u00a0 \u00a0 \u00a0 <\/em>Fondatore<\/p>\n<p><strong>\u00a0Agriesti Domenico\u00a0 \u00a0 \u00a0 \u00a0 \u00a0 \u00a0<\/strong><em>Consigliere\u00a0 \u00a0 \u00a0 \u00a0 \u00a0 \u00a0 \u00a0 \u00a0 \u00a0 \u00a0 \u00a0 \u00a0 \u00a0 \u00a0 \u00a0<\/em>Fondatore<strong><br \/>\n<\/strong><\/p>\n<p><strong>De Stefano\u00a0 Donatella\u00a0 \u00a0 \u00a0<\/strong><em>Consigliere\u00a0 \u00a0 \u00a0 \u00a0 \u00a0 \u00a0 \u00a0 \u00a0 \u00a0 \u00a0 \u00a0 \u00a0 \u00a0 \u00a0 \u00a0 <\/em>Partecipante<strong><br \/>\n<\/strong><\/p>\n<p><b>Pironti\u00a0 Domenico\u00a0 <\/b>\u00a0 \u00a0 \u00a0 \u00a0 \u00a0\u00a0<em>Consigliere\u00a0 \u00a0 \u00a0 \u00a0 \u00a0 \u00a0in rappr.\u00a0 <\/em>Fondazione dei Monti Uniti di Foggia<\/p>\n<p><b>Infante \u00a0Graziano<\/b>\u00a0 \u00a0 \u00a0 \u00a0 \u00a0 \u00a0 \u00a0 <em>Consigliere\u00a0 \u00a0 \u00a0 \u00a0 \u00a0 in rappr.\u00a0 \u00a0<\/em>Unione Italiana Ciechi &#8211; \u00a0Sez.Prov.le Foggia<\/p>\n<p><em><span style=\"color: #0000ff;\">&#8212;&#8212;&#8212;&#8212;&#8212;&#8212;&#8212;&#8212;&#8212;&#8212;&#8212;&#8212;&#8212;&#8212;&#8212;&#8212;&#8212;&#8212;&#8212;&#8212;&#8212;&#8212;&#8212;&#8212;&#8212;&#8212;&#8212;&#8212;&#8212;&#8212;&#8212;-<\/span><\/em>&#8212;<\/p>\n<div id=\"finestramailtopopupMailToModal\" style=\"z-index: 1;\">\n<div id=\"finestramailtopopupMailContentModal\">\n<div id=\"finestramailtopopupModalClose\"><\/div>\n<div id=\"finestramailtomodalToQuestionPopup\">What do you want to do ?<\/div>\n<p><a id=\"finestramailtoopenNewButtonCreateEmailApp\"><\/a>New mail<button id=\"finestramailtoclipboardCopy\">Copy<\/button><textarea id=\"finestramailtotoSelectCopyTextClipboard\"><\/textarea><\/p>\n<\/div>\n<\/div>\n<div><img alt=\"\" \/><\/div>\n<div id=\"finestramailtopopupMailToModal\" style=\"z-index: 1;\">\n<div id=\"finestramailtopopupMailContentModal\">\n<div id=\"finestramailtopopupModalClose\"><\/div>\n<div id=\"finestramailtomodalToQuestionPopup\">What do you want to do ?<\/div>\n<p><a id=\"finestramailtoopenNewButtonCreateEmailApp\"><\/a>New mail<button id=\"finestramailtoclipboardCopy\">Copy<\/button><textarea id=\"finestramailtotoSelectCopyTextClipboard\"><\/textarea><\/p>\n<\/div>\n<\/div>\n<div><img alt=\"\" \/><\/div>\n","protected":false},"excerpt":{"rendered":"<div class=\"mh-excerpt\"><p>&nbsp; FONDAZIONE GLI OCCHI DEL CUORE &#8211; ETS Iscritta nel Registro Unico Nazionale del Terzo Settore Reg.delle Persone Giuridiche della Regione Puglia n.368 CF.\u00a0 94096530715 <a class=\"mh-excerpt-more\" href=\"https:\/\/www.gliocchidelcuore.it\/?page_id=2\" title=\"Chi Siamo\">[&#8230;]<\/a><\/p>\n<\/div>","protected":false},"author":1,"featured_media":0,"parent":0,"menu_order":0,"comment_status":"open","ping_status":"open","template":"","meta":{"footnotes":""},"class_list":["post-2","page","type-page","status-publish","hentry"],"_links":{"self":[{"href":"https:\/\/www.gliocchidelcuore.it\/index.php?rest_route=\/wp\/v2\/pages\/2","targetHints":{"allow":["GET"]}}],"collection":[{"href":"https:\/\/www.gliocchidelcuore.it\/index.php?rest_route=\/wp\/v2\/pages"}],"about":[{"href":"https:\/\/www.gliocchidelcuore.it\/index.php?rest_route=\/wp\/v2\/types\/page"}],"author":[{"embeddable":true,"href":"https:\/\/www.gliocchidelcuore.it\/index.php?rest_route=\/wp\/v2\/users\/1"}],"replies":[{"embeddable":true,"href":"https:\/\/www.gliocchidelcuore.it\/index.php?rest_route=%2Fwp%2Fv2%2Fcomments&post=2"}],"version-history":[{"count":97,"href":"https:\/\/www.gliocchidelcuore.it\/index.php?rest_route=\/wp\/v2\/pages\/2\/revisions"}],"predecessor-version":[{"id":2095,"href":"https:\/\/www.gliocchidelcuore.it\/index.php?rest_route=\/wp\/v2\/pages\/2\/revisions\/2095"}],"wp:attachment":[{"href":"https:\/\/www.gliocchidelcuore.it\/index.php?rest_route=%2Fwp%2Fv2%2Fmedia&parent=2"}],"curies":[{"name":"wp","href":"https:\/\/api.w.org\/{rel}","templated":true}]}}