{"id":113,"date":"2013-04-01T20:14:24","date_gmt":"2013-04-01T18:14:24","guid":{"rendered":"http:\/\/www.gliocchidelcuore.it\/?page_id=113"},"modified":"2021-06-14T10:52:17","modified_gmt":"2021-06-14T08:52:17","slug":"statuto","status":"publish","type":"page","link":"https:\/\/www.gliocchidelcuore.it\/?page_id=113","title":{"rendered":"Statuto"},"content":{"rendered":"<p>&#8212;&#8212;&#8212;&#8212;&#8212;&#8212;&#8212;&#8212;&#8212;&#8212;&#8212;&#8212;&#8212;&#8212;&#8212;&#8212;&#8212;&#8212;&#8212;&#8212;&#8212;&#8212;&#8212;&#8212;&#8212;&#8212;&#8212;&#8212;&#8212;&#8212;&#8212;&#8211;<\/p>\n<p style=\"text-align: center;\"><strong>FONDAZIONE\u00a0\u00a0 DI PARTECIPAZIONE<\/strong><\/p>\n<p style=\"text-align: center;\"><strong>&#8220;GLI OCCHI DEL CUORE &#8211; ETS &#8220;<\/strong><\/p>\n<p style=\"text-align: center;\"><strong>\u00a0<\/strong><\/p>\n<p style=\"text-align: center;\"><strong>STATUTO<\/strong><\/p>\n<p style=\"text-align: justify;\"><strong>ARTICOLO 1<br \/>\nCostituzione<br \/>\n<\/strong>1.1 &#8211; E&#8217; costituita la Fondazione di partecipazione denominata <strong>\u201cFONDAZIONE GLI OCCHI DEL CUORE \u2013 ETS\u201d<\/strong>, di seguito chiamata \u201cFondazione\u201d.<br \/>\nLa Fondazione assume nella propria denominazione la qualificazione di <strong>Ente del Terzo Settore<\/strong>\u00a0<strong>\u00a0(in breve ETS)<\/strong>, che ne costituisce peculiare segno distintivo ed a tale scopo viene inserita in ogni comunicazione e manifestazione esterna.<br \/>\n1.2 \u2013 Essa risponde ai principi ed allo schema giuridico della Fondazione di partecipazione, nell\u2019ambito del pi\u00f9 vasto genere di Fondazioni disciplinato dal codice civile e leggi collegate.<br \/>\n1.3 \u2013 La Fondazione non ha scopo di lucro e non pu\u00f2 distribuire utili.<br \/>\n1.4 &#8211; La Fondazione ha sede in Foggia. La Fondazione operer\u00e0 prioritariamente nell\u2019ambito del territorio della Provincia di Foggia e comunque esclusivamente nell\u2019ambito della Regione Puglia e potr\u00e0, se necessario, aprire sedi distaccate in ambito regionale.<\/p>\n<p style=\"text-align: justify;\"><strong>Articolo 2<br \/>\nScopi<br \/>\n<\/strong>La Fondazione persegue esclusivamente finalit\u00e0 di solidariet\u00e0 sociale.<br \/>\nIn particolare la Fondazione, espressione della volont\u00e0 di genitori e familiari di Non Vedenti Pluriminorati ed Ipovedenti Pluriminorati residenti nel territorio provinciale di Foggia, e della Sezione Provinciale di Foggia dell\u2019 Unione Italiana dei Ciechi e degli Ipovedenti, nella maniera pi\u00f9 efficace e nell\u2019ambito e con gli strumenti previsti dalla legislazione nazionale, persegue finalit\u00e0 di solidariet\u00e0 sociale a beneficio di Ciechi Pluriminorati ed Ipovedenti Pluriminorati adulti, prioritariamente residenti nella Provincia di Foggia, nonch\u00e9 di quelli residenti nel territorio regionale in presenza di sedi distaccate, senza distinzione di razza, religione e sesso, favorendone la qualit\u00e0 della vita e l\u2019integrazione sociale.<br \/>\nLa Fondazione ha come suoi settori di intervento:<br \/>\n&#8211; assistenza sociale e socio-sanitaria;<br \/>\n&#8211; formazione in genere e formazione professionale;<br \/>\n&#8211; promozione all&#8217;accesso alla cultura e all&#8217;arte;<br \/>\n&#8211; tutela dei diritti civili.<br \/>\nLa Fondazione, pertanto, sia direttamente che attraverso terzi qualificati, attuando una equa utilizzazione delle sue risorse, si propone di :<br \/>\n1 &#8211; offrire, nel territorio del Comune di Foggia o dei Comuni limitrofi, ai ciechi pluriminorati adulti ed ipovedenti pluriminorati adulti che hanno concluso la frequenza scolastica e non sono inseriti nel mondo del lavoro, su richiesta degli stessi o di chi li rappresenta, opportunit\u00e0 formative, di riabilitazione e socializzazione, momenti espressivi e ludico-ricreativi, opportunit\u00e0 lavorative in forma protetta e\/o integrata. Tali servizi, anche integrandosi opportunamente con quelli gi\u00e0 esistenti sul territorio, dovranno essere coordinati in strutture e tempi in maniera tale da impegnare i beneficiari con continuit\u00e0, prioritariamente nelle ore antimeridiane e, sussistendone le condizioni, a richiesta degli interessati o di chi li rappresenta, anche con estensione alle ore pomeridiane, associando servizi di semi-residenzialit\u00e0.<br \/>\n2 \u2013 offrire, su richiesta degli interessati o di chi li rappresenta, ai ciechi pluriminorati adulti ed ipovedenti pluriminorati adulti, che hanno concluso la frequenza scolastica e non sono inseriti nel mondo del lavoro, impossibilitati a frequentare le strutture e le attivit\u00e0 comuni di cui al precedente comma 1, servizi utili a migliorare la qualit\u00e0 della vita, attraverso attivit\u00e0 comuni fruibili sul territorio di residenza e\/o interventi domiciliari.<br \/>\n3 &#8211; offrire, nel territorio de Comune di Foggia o dei Comuni limitrofi, ai ciechi pluriminorati adulti ed ipovedenti pluriminorati adulti, su richiesta degli stessi o di chi li rappresenta, servizi di residenzialit\u00e0, anche individuando progetti di servizi in rete sul territorio per il recupero sociale e per la qualit\u00e0 della vita residenziale.<br \/>\n4 &#8211; collaborare alla realizzazione dei servizi, di cui ai precedenti punti, anche in ambito regionale, in presenza di sedi distaccate.<br \/>\n<em>\u2026.. omissis \u2026.<\/em><\/p>\n<p style=\"text-align: justify;\"><strong>Articolo 8<br \/>\nMembri della Fondazione<br \/>\n<\/strong>Membri della Fondazione sono :<br \/>\n&#8211; Fondatori<br \/>\n&#8211; Partecipanti<\/p>\n<p>8.1 \u2013 <strong>Fondatori<\/strong><strong>.<\/strong> Sono Fondatori i singoli cittadini maggiorenni e gli Enti nelle persone dei loro rappresentanti legali, cos\u00ec qualificati nell\u2019atto di costituzione della Fondazione;<br \/>\n8.2 \u2013 <strong>Partecipanti<\/strong><strong>.<\/strong> Sono Partecipanti della Fondazione i singoli cittadini maggiorenni e gli Enti nelle persone dei loro rappresentanti legali, che ne facciano richiesta, successivamente alla sua fondazione, versando contestualmente un contributo pari o superiore al minimo fissato dal Consiglio di Amministrazione, che non potr\u00e0 ad ogni modo essere inferiore ad euro 2.500,00=.<br \/>\nLa domanda di ammissione deve essere corredata dalla dichiarazione con la quale l\u2019interessato comunica i propri dati anagrafici, il proprio domicilio e l\u2019attestazione di conoscere ed accettare incondizionatamente tutte le disposizioni del presente statuto.<br \/>\nIl Consiglio di Amministrazione non \u00e8 tenuto a precisare il motivo dell\u2019eventuale ricusazione. La delibera che respinge la domanda d\u2019ammissione non \u00e8 soggetta ad impugnativa.<br \/>\n<em>\u2026.. omissis \u2026.<\/em><\/p>\n<p style=\"text-align: justify;\"><strong>Articolo 10<br \/>\nOrgani della Fondazione<br \/>\n<\/strong>Gli organi della Fondazione sono:<br \/>\n&#8211; l\u2019 Assemblea dei Fondatori e Partecipanti<br \/>\n&#8211; il Consiglio di Amministrazione<br \/>\n&#8211; il Presidente ed il Vicepresidente<br \/>\n&#8211; il Direttore, se nominato dal Consiglio di Amministrazione<br \/>\n&#8211; il Collegio dei Revisori dei Conti o il Revisore Unico<\/p>\n<p style=\"text-align: justify;\"><strong>Articolo 11<br \/>\nAssemblea dei Fondatori e Partecipanti<br \/>\n<\/strong>L\u2019Assemblea dei Fondatori e Partecipanti \u00e8 costituita da :<br \/>\n&#8211; Fondatori e Partecipanti, con diritto di elettorato attivo e passivo.<br \/>\nL\u2019 Assemblea \u00e8 presieduta dal Presidente della Fondazione e dallo stesso convocata almeno una volta l\u2019anno, entro il 31 maggio, con comunicazione scritta, anche tramite pec, inviata ad ogni membro almeno 8 (otto) giorni prima della data fissata per l&#8217;adunanza, che deve contenere l&#8217;ordine del giorno, il luogo, la data e l\u2019ora, tanto della prima che della seconda\u00a0\u00a0 convocazione.<br \/>\nCiascun Fondatore o Partecipante pu\u00f2 farsi rappresentare nell\u2019Assemblea da altro membro della Fondazione, mediante delega scritta anche in calce all\u2019avviso di convocazione.<br \/>\nL&#8217;Assemblea :<br \/>\n&#8211; Elegge, con votazione segreta, i membri del Consiglio di Amministrazione di sua competenza: 3 tra i Fondatori ed 1 tra i Partecipanti ;<br \/>\n&#8211; approva le modifiche statutarie proposte dal Consiglio di Amministrazione;<br \/>\n&#8211; esprime pareri consultivi e proposte sulle attivit\u00e0, programmi ed obiettivi della Fondazione, predisposti dal Consiglio di Amministrazione.<br \/>\nAll\u2019Assemblea viene illustrato il bilancio consuntivo ed il bilancio preventivo approvati dal Consiglio di Amministrazione, con indicazione analitica dell\u2019impiego delle risorse della Fondazione e illustrazione delle relazioni accompagnatorie.<\/p>\n<p style=\"text-align: justify;\"><strong>Articolo 12<br \/>\nConsiglio di Amministrazione<br \/>\n<\/strong>12.1\u00a0\u00a0 COMPOSIZIONE E DURATA<br \/>\nIl Consiglio di Amministrazione \u00e8 composto da cinque a sette membri, che posseggono i requisiti di professionalit\u00e0 e onorabilit\u00e0 richiesti per gli amministratori delle Fondazioni di cui all\u2019art.15, comma 5 della legge 7 marzo 1996, n.108 (prevenzione del fenomeno dell\u2019usura), nonch\u00e9 dalle altre leggi presenti e future in materia.<br \/>\nDi questi, sono membri di diritto :<br \/>\n&#8211; un membro nominato dal Consiglio della Unione Italiana dei Ciechi e degli Ipovedenti &#8211; Sezione Provinciale di Foggia;<br \/>\n&#8211; tre membri eletti con votazione segreta nella Assemblea, dai Fondatori al loro interno, tra quelli che si saranno proposti quali candidati.<br \/>\n&#8211; un membro eletto con votazione segreta nella Assemblea, dai Partecipanti al loro interno, tra quelli che\u00a0 si saranno proposti quali candidati. In mancanza di Partecipanti, il membro sar\u00e0 eletto tra i Fondatori con le modalit\u00e0 di cui all&#8217;alinea precedente.<br \/>\n<em>&#8212;omissis &#8212;<\/em><br \/>\nIl C.d.A. resta in carica sino all\u2019approvazione del bilancio consuntivo del terzo esercizio finanziario successivo alla sua nomina. I suoi membri sono rieleggibili.<br \/>\n<em>&#8212;omissis &#8212;<\/em><\/p>\n<p style=\"text-align: justify;\"><strong>Articolo 17<br \/>\nGratuit\u00e0 delle cariche elettive e rimborso spese.<br \/>\n<\/strong>Ai componenti del Consiglio di Amministrazione non potranno essere corrisposti emolumenti da parte della Fondazione, ai sensi delle norme di legge in materia di ETS, eccezion fatta per il rimborso delle spese documentate, sostenute per lo svolgimento delle proprie funzioni.<br \/>\n<em>\u2026.. omissis \u2026.<\/em><\/p>\n<p style=\"text-align: justify;\">&#8212;&#8212;&#8212;&#8212;&#8212;&#8212;&#8212;&#8212;&#8212;&#8212;&#8212;&#8212;&#8212;&#8212;&#8212;&#8212;&#8212;&#8212;&#8212;&#8212;&#8212;&#8212;&#8212;&#8212;&#8212;&#8212;&#8212;&#8212;&#8212;<\/p>\n<p style=\"text-align: justify;\"><em>Estratti dallo Statuto &#8211; modificato per adeguamento alle norme\u00a0 del Codice del Terzo Settore &#8211;<br \/>\nriportato in Allegato A all\u2019Atto\u00a0 del Notaio Michele Augelli<br \/>\nRegistrato in Foggia il 27 ottobre 2020 N\u00b0 16641 \/ 1T &#8212;<\/em><\/p>\n<div id=\"finestramailtopopupMailToModal\" style=\"z-index: 1;\">\n<div id=\"finestramailtopopupMailContentModal\">\n<div id=\"finestramailtopopupModalClose\"><\/div>\n<div id=\"finestramailtomodalToQuestionPopup\">What do you want to do ?<\/div>\n<p><a id=\"finestramailtoopenNewButtonCreateEmailApp\"><\/a>New mail<button id=\"finestramailtoclipboardCopy\">Copy<\/button><textarea id=\"finestramailtotoSelectCopyTextClipboard\"><\/textarea><\/p>\n<\/div>\n<\/div>\n<div><img alt=\"\" \/><\/div>\n","protected":false},"excerpt":{"rendered":"<div class=\"mh-excerpt\"><p>&#8212;&#8212;&#8212;&#8212;&#8212;&#8212;&#8212;&#8212;&#8212;&#8212;&#8212;&#8212;&#8212;&#8212;&#8212;&#8212;&#8212;&#8212;&#8212;&#8212;&#8212;&#8212;&#8212;&#8212;&#8212;&#8212;&#8212;&#8212;&#8212;&#8212;&#8212;&#8211; FONDAZIONE\u00a0\u00a0 DI PARTECIPAZIONE &#8220;GLI OCCHI DEL CUORE &#8211; ETS &#8220; \u00a0 STATUTO ARTICOLO 1 Costituzione 1.1 &#8211; E&#8217; costituita la Fondazione di partecipazione denominata <a class=\"mh-excerpt-more\" href=\"https:\/\/www.gliocchidelcuore.it\/?page_id=113\" title=\"Statuto\">[&#8230;]<\/a><\/p>\n<\/div>","protected":false},"author":3,"featured_media":0,"parent":0,"menu_order":0,"comment_status":"open","ping_status":"open","template":"","meta":{"footnotes":""},"class_list":["post-113","page","type-page","status-publish","hentry"],"_links":{"self":[{"href":"https:\/\/www.gliocchidelcuore.it\/index.php?rest_route=\/wp\/v2\/pages\/113","targetHints":{"allow":["GET"]}}],"collection":[{"href":"https:\/\/www.gliocchidelcuore.it\/index.php?rest_route=\/wp\/v2\/pages"}],"about":[{"href":"https:\/\/www.gliocchidelcuore.it\/index.php?rest_route=\/wp\/v2\/types\/page"}],"author":[{"embeddable":true,"href":"https:\/\/www.gliocchidelcuore.it\/index.php?rest_route=\/wp\/v2\/users\/3"}],"replies":[{"embeddable":true,"href":"https:\/\/www.gliocchidelcuore.it\/index.php?rest_route=%2Fwp%2Fv2%2Fcomments&post=113"}],"version-history":[{"count":23,"href":"https:\/\/www.gliocchidelcuore.it\/index.php?rest_route=\/wp\/v2\/pages\/113\/revisions"}],"predecessor-version":[{"id":1440,"href":"https:\/\/www.gliocchidelcuore.it\/index.php?rest_route=\/wp\/v2\/pages\/113\/revisions\/1440"}],"wp:attachment":[{"href":"https:\/\/www.gliocchidelcuore.it\/index.php?rest_route=%2Fwp%2Fv2%2Fmedia&parent=113"}],"curies":[{"name":"wp","href":"https:\/\/api.w.org\/{rel}","templated":true}]}}